{"id":126,"date":"2019-05-21T17:53:51","date_gmt":"2019-05-21T21:53:51","guid":{"rendered":"https:\/\/neap.ufms.br\/?page_id=126"},"modified":"2019-06-12T16:54:29","modified_gmt":"2019-06-12T20:54:29","slug":"sobre","status":"publish","type":"page","link":"https:\/\/neap.ufms.br\/en\/sobre\/","title":{"rendered":"Sobre"},"content":{"rendered":"<p>&nbsp;<\/p>\n<p><img fetchpriority=\"high\" decoding=\"async\" class=\"wp-image-151 aligncenter\" src=\"https:\/\/neap.ufms.br\/files\/2019\/05\/neap-300x145.png\" alt=\"\" width=\"358\" height=\"173\"><\/p>\n<p>O NEAP (N\u00facleo de Estudos em Agroecologia e Produ\u00e7\u00e3o Org\u00e2nica do Pantanal)&nbsp; \u00e9 constitu\u00eddo por um grupo de professores, t\u00e9cnicos e alunos do C\u00e2mpus do Pantanal da UFMS e do C\u00e2mpus Corumb\u00e1 do IFMS, pesquisadores da Embrapa Pantanal, funcion\u00e1rios da AGRAER de Corumb\u00e1 e de Lad\u00e1rio, por t\u00e9cnicos que atuam com agricultura familiar das prefeituras municipais de Corumb\u00e1 e Lad\u00e1rio, al\u00e9m de t\u00e9cnicos da SEDACRUZ que atuam na Prov\u00edncia Germ\u00e1n Busch (SC\/Bol\u00edvia).<\/p>\n<p>&nbsp;<\/p>\n<p>T\u00edtulo da Proposta: <a href=\"https:\/\/neap.ufms.br\/files\/2019\/05\/Projeto-edital-n\u00facleo-de-agroecologia.pdf\">N\u00facleo de Estudos em Agroecologia e Produ\u00e7\u00e3o Org\u00e2nica do Pantanal<\/a><\/p>\n<p>&nbsp;<\/p>\n","protected":false},"excerpt":{"rendered":"<p>&nbsp; O NEAP (N\u00facleo de Estudos em Agroecologia e Produ\u00e7\u00e3o Org\u00e2nica do Pantanal)&nbsp; \u00e9 constitu\u00eddo por um grupo de professores, t\u00e9cnicos e alunos do C\u00e2mpus do Pantanal da UFMS e [&hellip;]<\/p>\n","protected":false},"author":28978,"featured_media":0,"parent":0,"menu_order":0,"comment_status":"closed","ping_status":"closed","template":"","meta":{"ngg_post_thumbnail":0,"footnotes":""},"coauthors":[],"class_list":["post-126","page","type-page","status-publish","hentry"],"_links":{"self":[{"href":"https:\/\/neap.ufms.br\/en\/wp-json\/wp\/v2\/pages\/126","targetHints":{"allow":["GET"]}}],"collection":[{"href":"https:\/\/neap.ufms.br\/en\/wp-json\/wp\/v2\/pages"}],"about":[{"href":"https:\/\/neap.ufms.br\/en\/wp-json\/wp\/v2\/types\/page"}],"author":[{"embeddable":true,"href":"https:\/\/neap.ufms.br\/en\/wp-json\/wp\/v2\/users\/28978"}],"replies":[{"embeddable":true,"href":"https:\/\/neap.ufms.br\/en\/wp-json\/wp\/v2\/comments?post=126"}],"version-history":[{"count":4,"href":"https:\/\/neap.ufms.br\/en\/wp-json\/wp\/v2\/pages\/126\/revisions"}],"predecessor-version":[{"id":191,"href":"https:\/\/neap.ufms.br\/en\/wp-json\/wp\/v2\/pages\/126\/revisions\/191"}],"wp:attachment":[{"href":"https:\/\/neap.ufms.br\/en\/wp-json\/wp\/v2\/media?parent=126"}],"wp:term":[{"taxonomy":"author","embeddable":true,"href":"https:\/\/neap.ufms.br\/en\/wp-json\/wp\/v2\/coauthors?post=126"}],"curies":[{"name":"wp","href":"https:\/\/api.w.org\/{rel}","templated":true}]}}