{"id":214,"date":"2019-08-28T11:45:35","date_gmt":"2019-08-28T15:45:35","guid":{"rendered":"https:\/\/neap.ufms.br\/?page_id=214"},"modified":"2020-01-14T14:04:44","modified_gmt":"2020-01-14T18:04:44","slug":"informativos","status":"publish","type":"page","link":"https:\/\/neap.ufms.br\/en\/informativos\/","title":{"rendered":"Informativos"},"content":{"rendered":"<h1>Informativos NEAP<\/h1>\n<h3>&nbsp;<\/h3>\n<h3>Informativo sobre o Programa de Aquisi\u00e7\u00e3o de Alimentos (PAA)<\/h3>\n[gview file=&#8221;https:\/\/neap.ufms.br\/files\/2019\/08\/PAA-Informativo.pdf&#8221;]\n<p>&nbsp;<\/p>\n<h3>Informativo sobre o Programa Nacional de Alimenta\u00e7\u00e3o Escolar (PNAE)<\/h3>\n[gview file=&#8221;https:\/\/neap.ufms.br\/files\/2019\/08\/PNAE-informativo.pdf&#8221;]\n<p>&nbsp;<\/p>\n<h3>Calend\u00e1rio agr\u00edcola dos assentamentos rurais de Corumb\u00e1 e Lad\u00e1rio\/MS<\/h3>\n[gview file=&#8221;https:\/\/neap.ufms.br\/files\/2020\/01\/Calend\u00e1rio-agr\u00edcola.pdf&#8221;]\n<div class=\"yj6qo ajU\">&nbsp;<\/div>\n","protected":false},"excerpt":{"rendered":"<p>Informativos NEAP &nbsp; Informativo sobre o Programa de Aquisi\u00e7\u00e3o de Alimentos (PAA) [gview file=&#8221;https:\/\/neap.ufms.br\/files\/2019\/08\/PAA-Informativo.pdf&#8221;] &nbsp; Informativo sobre o Programa Nacional de Alimenta\u00e7\u00e3o Escolar (PNAE) [gview file=&#8221;https:\/\/neap.ufms.br\/files\/2019\/08\/PNAE-informativo.pdf&#8221;] &nbsp; Calend\u00e1rio agr\u00edcola dos [&hellip;]<\/p>\n","protected":false},"author":28978,"featured_media":0,"parent":0,"menu_order":0,"comment_status":"closed","ping_status":"closed","template":"","meta":{"ngg_post_thumbnail":0,"footnotes":""},"coauthors":[],"class_list":["post-214","page","type-page","status-publish","hentry"],"_links":{"self":[{"href":"https:\/\/neap.ufms.br\/en\/wp-json\/wp\/v2\/pages\/214","targetHints":{"allow":["GET"]}}],"collection":[{"href":"https:\/\/neap.ufms.br\/en\/wp-json\/wp\/v2\/pages"}],"about":[{"href":"https:\/\/neap.ufms.br\/en\/wp-json\/wp\/v2\/types\/page"}],"author":[{"embeddable":true,"href":"https:\/\/neap.ufms.br\/en\/wp-json\/wp\/v2\/users\/28978"}],"replies":[{"embeddable":true,"href":"https:\/\/neap.ufms.br\/en\/wp-json\/wp\/v2\/comments?post=214"}],"version-history":[{"count":4,"href":"https:\/\/neap.ufms.br\/en\/wp-json\/wp\/v2\/pages\/214\/revisions"}],"predecessor-version":[{"id":263,"href":"https:\/\/neap.ufms.br\/en\/wp-json\/wp\/v2\/pages\/214\/revisions\/263"}],"wp:attachment":[{"href":"https:\/\/neap.ufms.br\/en\/wp-json\/wp\/v2\/media?parent=214"}],"wp:term":[{"taxonomy":"author","embeddable":true,"href":"https:\/\/neap.ufms.br\/en\/wp-json\/wp\/v2\/coauthors?post=214"}],"curies":[{"name":"wp","href":"https:\/\/api.w.org\/{rel}","templated":true}]}}