{"id":278,"date":"2020-05-22T07:50:54","date_gmt":"2020-05-22T11:50:54","guid":{"rendered":"https:\/\/neap.ufms.br\/entrega-de-sacoloes-agroecologicos\/"},"modified":"2020-05-22T07:57:48","modified_gmt":"2020-05-22T11:57:48","slug":"entrega-de-sacoloes-agroecologicos","status":"publish","type":"page","link":"https:\/\/neap.ufms.br\/en\/entrega-de-sacoloes-agroecologicos\/","title":{"rendered":"Entrega de sacol\u00f5es agroecologicos"},"content":{"rendered":"<h3>Grupo bem estar entrega sacol\u00f5es agroecol\u00f3gicos na cidade de Corumb\u00e1 e de Lad\u00e1rio.<\/h3>\n<p>Momento de conclus\u00e3o da montagem no sacol\u00f5es no dia 22 de maio de 2020<\/p>\nngg_shortcode_0_placeholder\n","protected":false},"excerpt":{"rendered":"<p>Grupo bem estar entrega sacol\u00f5es agroecol\u00f3gicos na cidade de Corumb\u00e1 e de Lad\u00e1rio. Momento de conclus\u00e3o da montagem no sacol\u00f5es no dia 22 de maio de 2020<\/p>\n","protected":false},"author":14174,"featured_media":0,"parent":0,"menu_order":0,"comment_status":"closed","ping_status":"closed","template":"","meta":{"ngg_post_thumbnail":0,"footnotes":""},"coauthors":[],"class_list":["post-278","page","type-page","status-publish","hentry"],"_links":{"self":[{"href":"https:\/\/neap.ufms.br\/en\/wp-json\/wp\/v2\/pages\/278","targetHints":{"allow":["GET"]}}],"collection":[{"href":"https:\/\/neap.ufms.br\/en\/wp-json\/wp\/v2\/pages"}],"about":[{"href":"https:\/\/neap.ufms.br\/en\/wp-json\/wp\/v2\/types\/page"}],"author":[{"embeddable":true,"href":"https:\/\/neap.ufms.br\/en\/wp-json\/wp\/v2\/users\/14174"}],"replies":[{"embeddable":true,"href":"https:\/\/neap.ufms.br\/en\/wp-json\/wp\/v2\/comments?post=278"}],"version-history":[{"count":2,"href":"https:\/\/neap.ufms.br\/en\/wp-json\/wp\/v2\/pages\/278\/revisions"}],"predecessor-version":[{"id":284,"href":"https:\/\/neap.ufms.br\/en\/wp-json\/wp\/v2\/pages\/278\/revisions\/284"}],"wp:attachment":[{"href":"https:\/\/neap.ufms.br\/en\/wp-json\/wp\/v2\/media?parent=278"}],"wp:term":[{"taxonomy":"author","embeddable":true,"href":"https:\/\/neap.ufms.br\/en\/wp-json\/wp\/v2\/coauthors?post=278"}],"curies":[{"name":"wp","href":"https:\/\/api.w.org\/{rel}","templated":true}]}}